{"id":43,"date":"2019-01-30T10:11:57","date_gmt":"2019-01-30T10:11:57","guid":{"rendered":"http:\/\/clint-and-fellas.de\/?page_id=43"},"modified":"2024-03-29T16:17:28","modified_gmt":"2024-03-29T16:17:28","slug":"fotos","status":"publish","type":"page","link":"https:\/\/clint-and-fellas.de\/?page_id=43","title":{"rendered":"Fotos \/ Presse"},"content":{"rendered":"\n<figure class=\"wp-block-image is-resized\"><img loading=\"lazy\" decoding=\"async\" width=\"250\" height=\"250\" src=\"http:\/\/clint-and-fellas.de\/wp-content\/uploads\/2019\/01\/caf_logo250.jpg\" alt=\"\" class=\"wp-image-15\" style=\"width:207px;height:207px\" srcset=\"https:\/\/clint-and-fellas.de\/wp-content\/uploads\/2019\/01\/caf_logo250.jpg 250w, https:\/\/clint-and-fellas.de\/wp-content\/uploads\/2019\/01\/caf_logo250-150x150.jpg 150w, https:\/\/clint-and-fellas.de\/wp-content\/uploads\/2019\/01\/caf_logo250-100x100.jpg 100w\" sizes=\"(max-width: 250px) 100vw, 250px\" \/><\/figure>\n\n\n\n<figure class=\"wp-block-image size-full\"><img loading=\"lazy\" decoding=\"async\" width=\"680\" height=\"606\" src=\"https:\/\/clint-and-fellas.de\/wp-content\/uploads\/2024\/03\/FB_IMG_1711727555301-1.jpg\" alt=\"\" class=\"wp-image-163\" srcset=\"https:\/\/clint-and-fellas.de\/wp-content\/uploads\/2024\/03\/FB_IMG_1711727555301-1.jpg 680w, https:\/\/clint-and-fellas.de\/wp-content\/uploads\/2024\/03\/FB_IMG_1711727555301-1-300x267.jpg 300w\" sizes=\"(max-width: 680px) 100vw, 680px\" \/><\/figure>\n\n\n\n<figure class=\"wp-block-image\"><a href=\"http:\/\/clint-and-fellas.de\/wp-content\/uploads\/2019\/02\/DSC_9245Syndykat-MF-Liberty-2.jpg\"><img loading=\"lazy\" decoding=\"async\" width=\"1024\" height=\"731\" src=\"http:\/\/clint-and-fellas.de\/wp-content\/uploads\/2019\/02\/DSC_9245Syndykat-MF-Liberty-2-1024x731.jpg\" alt=\"\" class=\"wp-image-127\" srcset=\"https:\/\/clint-and-fellas.de\/wp-content\/uploads\/2019\/02\/DSC_9245Syndykat-MF-Liberty-2-1024x731.jpg 1024w, https:\/\/clint-and-fellas.de\/wp-content\/uploads\/2019\/02\/DSC_9245Syndykat-MF-Liberty-2-300x214.jpg 300w, https:\/\/clint-and-fellas.de\/wp-content\/uploads\/2019\/02\/DSC_9245Syndykat-MF-Liberty-2-768x548.jpg 768w, https:\/\/clint-and-fellas.de\/wp-content\/uploads\/2019\/02\/DSC_9245Syndykat-MF-Liberty-2.jpg 1200w\" sizes=\"(max-width: 767px) 89vw, (max-width: 1000px) 54vw, (max-width: 1071px) 543px, 580px\" \/><\/a><\/figure>\n\n\n\n<figure class=\"wp-block-image\"><a href=\"http:\/\/clint-and-fellas.de\/wp-content\/uploads\/2019\/02\/IMG_1273.jpg\"><img loading=\"lazy\" decoding=\"async\" width=\"1024\" height=\"683\" src=\"http:\/\/clint-and-fellas.de\/wp-content\/uploads\/2019\/02\/IMG_1273-1024x683.jpg\" alt=\"\" class=\"wp-image-128\" srcset=\"https:\/\/clint-and-fellas.de\/wp-content\/uploads\/2019\/02\/IMG_1273-1024x683.jpg 1024w, https:\/\/clint-and-fellas.de\/wp-content\/uploads\/2019\/02\/IMG_1273-300x200.jpg 300w, https:\/\/clint-and-fellas.de\/wp-content\/uploads\/2019\/02\/IMG_1273-768x512.jpg 768w\" sizes=\"(max-width: 767px) 89vw, (max-width: 1000px) 54vw, (max-width: 1071px) 543px, 580px\" \/><\/a><\/figure>\n\n\n\n<figure class=\"wp-block-image\"><a href=\"http:\/\/clint-and-fellas.de\/wp-content\/uploads\/2019\/02\/cf.jpg\"><img loading=\"lazy\" decoding=\"async\" width=\"479\" height=\"640\" src=\"http:\/\/clint-and-fellas.de\/wp-content\/uploads\/2019\/02\/cf.jpg\" alt=\"\" class=\"wp-image-129\" srcset=\"https:\/\/clint-and-fellas.de\/wp-content\/uploads\/2019\/02\/cf.jpg 479w, https:\/\/clint-and-fellas.de\/wp-content\/uploads\/2019\/02\/cf-225x300.jpg 225w\" sizes=\"(max-width: 479px) 100vw, 479px\" \/><\/a><\/figure>\n\n\n\n<figure class=\"wp-block-image\"><a href=\"http:\/\/clint-and-fellas.de\/wp-content\/uploads\/2019\/02\/IMG_1223_Bildgr\u00f6\u00dfe-\u00e4ndern.jpg\"><img loading=\"lazy\" decoding=\"async\" width=\"982\" height=\"654\" src=\"http:\/\/clint-and-fellas.de\/wp-content\/uploads\/2019\/02\/IMG_1223_Bildgr\u00f6\u00dfe-\u00e4ndern.jpg\" alt=\"\" class=\"wp-image-131\" srcset=\"https:\/\/clint-and-fellas.de\/wp-content\/uploads\/2019\/02\/IMG_1223_Bildgr\u00f6\u00dfe-\u00e4ndern.jpg 982w, https:\/\/clint-and-fellas.de\/wp-content\/uploads\/2019\/02\/IMG_1223_Bildgr\u00f6\u00dfe-\u00e4ndern-300x200.jpg 300w, https:\/\/clint-and-fellas.de\/wp-content\/uploads\/2019\/02\/IMG_1223_Bildgr\u00f6\u00dfe-\u00e4ndern-768x511.jpg 768w\" sizes=\"(max-width: 767px) 89vw, (max-width: 1000px) 54vw, (max-width: 1071px) 543px, 580px\" \/><\/a><\/figure>\n\n\n\n<figure class=\"wp-block-image\"><a href=\"http:\/\/clint-and-fellas.de\/wp-content\/uploads\/2019\/02\/IMG_1197_Bildgr\u00f6\u00dfe-\u00e4ndern.jpg\"><img loading=\"lazy\" decoding=\"async\" width=\"915\" height=\"610\" src=\"http:\/\/clint-and-fellas.de\/wp-content\/uploads\/2019\/02\/IMG_1197_Bildgr\u00f6\u00dfe-\u00e4ndern.jpg\" alt=\"\" class=\"wp-image-132\" srcset=\"https:\/\/clint-and-fellas.de\/wp-content\/uploads\/2019\/02\/IMG_1197_Bildgr\u00f6\u00dfe-\u00e4ndern.jpg 915w, https:\/\/clint-and-fellas.de\/wp-content\/uploads\/2019\/02\/IMG_1197_Bildgr\u00f6\u00dfe-\u00e4ndern-300x200.jpg 300w, https:\/\/clint-and-fellas.de\/wp-content\/uploads\/2019\/02\/IMG_1197_Bildgr\u00f6\u00dfe-\u00e4ndern-768x512.jpg 768w\" sizes=\"(max-width: 767px) 89vw, (max-width: 1000px) 54vw, (max-width: 1071px) 543px, 580px\" \/><\/a><\/figure>\n\n\n\n<figure class=\"wp-block-gallery has-nested-images columns-default is-cropped wp-block-gallery-1 is-layout-flex wp-block-gallery-is-layout-flex\">\n<figure class=\"wp-block-image\"><a href=\"https:\/\/clint-and-fellas.de\/wp-content\/uploads\/2019\/01\/IMG_1281.jpg\"><img loading=\"lazy\" decoding=\"async\" width=\"1024\" height=\"1024\" data-id=\"56\" src=\"https:\/\/clint-and-fellas.de\/wp-content\/uploads\/2019\/01\/IMG_1281-1024x1024.jpg\" alt=\"\" class=\"wp-image-56\" srcset=\"https:\/\/clint-and-fellas.de\/wp-content\/uploads\/2019\/01\/IMG_1281-1024x1024.jpg 1024w, https:\/\/clint-and-fellas.de\/wp-content\/uploads\/2019\/01\/IMG_1281-150x150.jpg 150w, https:\/\/clint-and-fellas.de\/wp-content\/uploads\/2019\/01\/IMG_1281-300x300.jpg 300w, https:\/\/clint-and-fellas.de\/wp-content\/uploads\/2019\/01\/IMG_1281-768x768.jpg 768w, https:\/\/clint-and-fellas.de\/wp-content\/uploads\/2019\/01\/IMG_1281-100x100.jpg 100w, https:\/\/clint-and-fellas.de\/wp-content\/uploads\/2019\/01\/IMG_1281.jpg 1529w\" sizes=\"(max-width: 767px) 89vw, (max-width: 1000px) 54vw, (max-width: 1071px) 543px, 580px\" \/><\/a><\/figure>\n\n\n\n<figure class=\"wp-block-image\"><a href=\"https:\/\/clint-and-fellas.de\/wp-content\/uploads\/2019\/01\/clint-and-vdelli.jpg\"><img loading=\"lazy\" decoding=\"async\" width=\"960\" height=\"539\" data-id=\"55\" src=\"https:\/\/clint-and-fellas.de\/wp-content\/uploads\/2019\/01\/clint-and-vdelli.jpg\" alt=\"\" class=\"wp-image-55\" srcset=\"https:\/\/clint-and-fellas.de\/wp-content\/uploads\/2019\/01\/clint-and-vdelli.jpg 960w, https:\/\/clint-and-fellas.de\/wp-content\/uploads\/2019\/01\/clint-and-vdelli-300x168.jpg 300w, https:\/\/clint-and-fellas.de\/wp-content\/uploads\/2019\/01\/clint-and-vdelli-768x431.jpg 768w\" sizes=\"(max-width: 767px) 89vw, (max-width: 1000px) 54vw, (max-width: 1071px) 543px, 580px\" \/><\/a><\/figure>\n\n\n\n<figure class=\"wp-block-image\"><a href=\"https:\/\/clint-and-fellas.de\/wp-content\/uploads\/2019\/01\/CD-Label_01.jpg\"><img loading=\"lazy\" decoding=\"async\" width=\"1024\" height=\"1024\" data-id=\"54\" src=\"https:\/\/clint-and-fellas.de\/wp-content\/uploads\/2019\/01\/CD-Label_01-1024x1024.jpg\" alt=\"\" class=\"wp-image-54\" srcset=\"https:\/\/clint-and-fellas.de\/wp-content\/uploads\/2019\/01\/CD-Label_01-1024x1024.jpg 1024w, https:\/\/clint-and-fellas.de\/wp-content\/uploads\/2019\/01\/CD-Label_01-150x150.jpg 150w, https:\/\/clint-and-fellas.de\/wp-content\/uploads\/2019\/01\/CD-Label_01-300x300.jpg 300w, https:\/\/clint-and-fellas.de\/wp-content\/uploads\/2019\/01\/CD-Label_01-768x768.jpg 768w, https:\/\/clint-and-fellas.de\/wp-content\/uploads\/2019\/01\/CD-Label_01-100x100.jpg 100w, https:\/\/clint-and-fellas.de\/wp-content\/uploads\/2019\/01\/CD-Label_01.jpg 1417w\" sizes=\"(max-width: 767px) 89vw, (max-width: 1000px) 54vw, (max-width: 1071px) 543px, 580px\" \/><\/a><\/figure>\n\n\n\n<figure class=\"wp-block-image\"><a href=\"https:\/\/clint-and-fellas.de\/wp-content\/uploads\/2019\/01\/cf-club.jpg\"><img loading=\"lazy\" decoding=\"async\" width=\"901\" height=\"533\" data-id=\"53\" src=\"https:\/\/clint-and-fellas.de\/wp-content\/uploads\/2019\/01\/cf-club.jpg\" alt=\"\" class=\"wp-image-53\" srcset=\"https:\/\/clint-and-fellas.de\/wp-content\/uploads\/2019\/01\/cf-club.jpg 901w, https:\/\/clint-and-fellas.de\/wp-content\/uploads\/2019\/01\/cf-club-300x177.jpg 300w, https:\/\/clint-and-fellas.de\/wp-content\/uploads\/2019\/01\/cf-club-768x454.jpg 768w\" sizes=\"(max-width: 767px) 89vw, (max-width: 1000px) 54vw, (max-width: 1071px) 543px, 580px\" \/><\/a><\/figure>\n\n\n\n<figure class=\"wp-block-image\"><a href=\"https:\/\/clint-and-fellas.de\/wp-content\/uploads\/2019\/01\/46161193_2141966785848398_7815867638562684928_n.jpg\"><img loading=\"lazy\" decoding=\"async\" width=\"720\" height=\"960\" data-id=\"52\" src=\"https:\/\/clint-and-fellas.de\/wp-content\/uploads\/2019\/01\/46161193_2141966785848398_7815867638562684928_n.jpg\" alt=\"\" class=\"wp-image-52\" srcset=\"https:\/\/clint-and-fellas.de\/wp-content\/uploads\/2019\/01\/46161193_2141966785848398_7815867638562684928_n.jpg 720w, https:\/\/clint-and-fellas.de\/wp-content\/uploads\/2019\/01\/46161193_2141966785848398_7815867638562684928_n-225x300.jpg 225w\" sizes=\"(max-width: 720px) 100vw, 720px\" \/><\/a><\/figure>\n\n\n\n<figure class=\"wp-block-image\"><a href=\"https:\/\/clint-and-fellas.de\/wp-content\/uploads\/2019\/01\/46074000_2141966742515069_5434464884618166272_n.jpg\"><img loading=\"lazy\" decoding=\"async\" width=\"720\" height=\"960\" data-id=\"51\" src=\"https:\/\/clint-and-fellas.de\/wp-content\/uploads\/2019\/01\/46074000_2141966742515069_5434464884618166272_n.jpg\" alt=\"\" class=\"wp-image-51\" srcset=\"https:\/\/clint-and-fellas.de\/wp-content\/uploads\/2019\/01\/46074000_2141966742515069_5434464884618166272_n.jpg 720w, https:\/\/clint-and-fellas.de\/wp-content\/uploads\/2019\/01\/46074000_2141966742515069_5434464884618166272_n-225x300.jpg 225w\" sizes=\"(max-width: 720px) 100vw, 720px\" \/><\/a><\/figure>\n\n\n\n<figure class=\"wp-block-image\"><a href=\"https:\/\/clint-and-fellas.de\/wp-content\/uploads\/2019\/01\/46028750_2141966835848393_9064365243680948224_n.jpg\"><img loading=\"lazy\" decoding=\"async\" width=\"960\" height=\"720\" data-id=\"50\" src=\"https:\/\/clint-and-fellas.de\/wp-content\/uploads\/2019\/01\/46028750_2141966835848393_9064365243680948224_n.jpg\" alt=\"\" class=\"wp-image-50\" srcset=\"https:\/\/clint-and-fellas.de\/wp-content\/uploads\/2019\/01\/46028750_2141966835848393_9064365243680948224_n.jpg 960w, https:\/\/clint-and-fellas.de\/wp-content\/uploads\/2019\/01\/46028750_2141966835848393_9064365243680948224_n-300x225.jpg 300w, https:\/\/clint-and-fellas.de\/wp-content\/uploads\/2019\/01\/46028750_2141966835848393_9064365243680948224_n-768x576.jpg 768w\" sizes=\"(max-width: 767px) 89vw, (max-width: 1000px) 54vw, (max-width: 1071px) 543px, 580px\" \/><\/a><\/figure>\n\n\n\n<figure class=\"wp-block-image\"><a href=\"https:\/\/clint-and-fellas.de\/wp-content\/uploads\/2019\/01\/45987639_2141966702515073_3179794752878936064_n.jpg\"><img loading=\"lazy\" decoding=\"async\" width=\"720\" height=\"960\" data-id=\"49\" src=\"https:\/\/clint-and-fellas.de\/wp-content\/uploads\/2019\/01\/45987639_2141966702515073_3179794752878936064_n.jpg\" alt=\"\" class=\"wp-image-49\" srcset=\"https:\/\/clint-and-fellas.de\/wp-content\/uploads\/2019\/01\/45987639_2141966702515073_3179794752878936064_n.jpg 720w, https:\/\/clint-and-fellas.de\/wp-content\/uploads\/2019\/01\/45987639_2141966702515073_3179794752878936064_n-225x300.jpg 225w\" sizes=\"(max-width: 720px) 100vw, 720px\" \/><\/a><\/figure>\n\n\n\n<figure class=\"wp-block-image\"><a href=\"https:\/\/clint-and-fellas.de\/wp-content\/uploads\/2019\/01\/41876586_1865105873567222_9135428161947828224_n.jpg\"><img loading=\"lazy\" decoding=\"async\" width=\"960\" height=\"540\" data-id=\"47\" src=\"https:\/\/clint-and-fellas.de\/wp-content\/uploads\/2019\/01\/41876586_1865105873567222_9135428161947828224_n.jpg\" alt=\"\" class=\"wp-image-47\" srcset=\"https:\/\/clint-and-fellas.de\/wp-content\/uploads\/2019\/01\/41876586_1865105873567222_9135428161947828224_n.jpg 960w, https:\/\/clint-and-fellas.de\/wp-content\/uploads\/2019\/01\/41876586_1865105873567222_9135428161947828224_n-300x169.jpg 300w, https:\/\/clint-and-fellas.de\/wp-content\/uploads\/2019\/01\/41876586_1865105873567222_9135428161947828224_n-768x432.jpg 768w\" sizes=\"(max-width: 767px) 89vw, (max-width: 1000px) 54vw, (max-width: 1071px) 543px, 580px\" \/><\/a><\/figure>\n\n\n\n<figure class=\"wp-block-image\"><a href=\"https:\/\/clint-and-fellas.de\/wp-content\/uploads\/2019\/01\/38859513_1813118808779709_3122229959045677056_n.jpg\"><img loading=\"lazy\" decoding=\"async\" width=\"1024\" height=\"576\" data-id=\"46\" src=\"https:\/\/clint-and-fellas.de\/wp-content\/uploads\/2019\/01\/38859513_1813118808779709_3122229959045677056_n-1024x576.jpg\" alt=\"\" class=\"wp-image-46\" srcset=\"https:\/\/clint-and-fellas.de\/wp-content\/uploads\/2019\/01\/38859513_1813118808779709_3122229959045677056_n-1024x576.jpg 1024w, https:\/\/clint-and-fellas.de\/wp-content\/uploads\/2019\/01\/38859513_1813118808779709_3122229959045677056_n-300x169.jpg 300w, https:\/\/clint-and-fellas.de\/wp-content\/uploads\/2019\/01\/38859513_1813118808779709_3122229959045677056_n-768x432.jpg 768w, https:\/\/clint-and-fellas.de\/wp-content\/uploads\/2019\/01\/38859513_1813118808779709_3122229959045677056_n.jpg 2040w\" sizes=\"(max-width: 767px) 89vw, (max-width: 1000px) 54vw, (max-width: 1071px) 543px, 580px\" \/><\/a><\/figure>\n\n\n\n<figure class=\"wp-block-image\"><a href=\"https:\/\/clint-and-fellas.de\/wp-content\/uploads\/2019\/01\/26220253_1753358878042526_6159477036941374889_n.jpg\"><img loading=\"lazy\" decoding=\"async\" width=\"960\" height=\"720\" data-id=\"45\" src=\"https:\/\/clint-and-fellas.de\/wp-content\/uploads\/2019\/01\/26220253_1753358878042526_6159477036941374889_n.jpg\" alt=\"\" class=\"wp-image-45\" srcset=\"https:\/\/clint-and-fellas.de\/wp-content\/uploads\/2019\/01\/26220253_1753358878042526_6159477036941374889_n.jpg 960w, https:\/\/clint-and-fellas.de\/wp-content\/uploads\/2019\/01\/26220253_1753358878042526_6159477036941374889_n-300x225.jpg 300w, https:\/\/clint-and-fellas.de\/wp-content\/uploads\/2019\/01\/26220253_1753358878042526_6159477036941374889_n-768x576.jpg 768w\" sizes=\"(max-width: 767px) 89vw, (max-width: 1000px) 54vw, (max-width: 1071px) 543px, 580px\" \/><\/a><\/figure>\n\n\n\n<figure class=\"wp-block-image\"><a href=\"https:\/\/clint-and-fellas.de\/wp-content\/uploads\/2019\/01\/c-f-stage.jpg\"><img loading=\"lazy\" decoding=\"async\" width=\"960\" height=\"655\" data-id=\"5\" src=\"https:\/\/clint-and-fellas.de\/wp-content\/uploads\/2019\/01\/c-f-stage.jpg\" alt=\"\" class=\"wp-image-5\" srcset=\"https:\/\/clint-and-fellas.de\/wp-content\/uploads\/2019\/01\/c-f-stage.jpg 960w, https:\/\/clint-and-fellas.de\/wp-content\/uploads\/2019\/01\/c-f-stage-300x205.jpg 300w, https:\/\/clint-and-fellas.de\/wp-content\/uploads\/2019\/01\/c-f-stage-768x524.jpg 768w\" sizes=\"(max-width: 767px) 89vw, (max-width: 1000px) 54vw, (max-width: 1071px) 543px, 580px\" \/><\/a><\/figure>\n<\/figure>\n\n\n\n<figure class=\"wp-block-image\"><a href=\"http:\/\/clint-and-fellas.de\/wp-content\/uploads\/2019\/02\/IMG_1226.jpg\"><img loading=\"lazy\" decoding=\"async\" width=\"1024\" height=\"683\" src=\"http:\/\/clint-and-fellas.de\/wp-content\/uploads\/2019\/02\/IMG_1226-1024x683.jpg\" alt=\"\" class=\"wp-image-130\" srcset=\"https:\/\/clint-and-fellas.de\/wp-content\/uploads\/2019\/02\/IMG_1226-1024x683.jpg 1024w, https:\/\/clint-and-fellas.de\/wp-content\/uploads\/2019\/02\/IMG_1226-300x200.jpg 300w, https:\/\/clint-and-fellas.de\/wp-content\/uploads\/2019\/02\/IMG_1226-768x512.jpg 768w\" sizes=\"(max-width: 767px) 89vw, (max-width: 1000px) 54vw, (max-width: 1071px) 543px, 580px\" \/><\/a><\/figure>\n","protected":false},"excerpt":{"rendered":"","protected":false},"author":4,"featured_media":0,"parent":18,"menu_order":4,"comment_status":"closed","ping_status":"closed","template":"","meta":{"footnotes":""},"_links":{"self":[{"href":"https:\/\/clint-and-fellas.de\/index.php?rest_route=\/wp\/v2\/pages\/43"}],"collection":[{"href":"https:\/\/clint-and-fellas.de\/index.php?rest_route=\/wp\/v2\/pages"}],"about":[{"href":"https:\/\/clint-and-fellas.de\/index.php?rest_route=\/wp\/v2\/types\/page"}],"author":[{"embeddable":true,"href":"https:\/\/clint-and-fellas.de\/index.php?rest_route=\/wp\/v2\/users\/4"}],"replies":[{"embeddable":true,"href":"https:\/\/clint-and-fellas.de\/index.php?rest_route=%2Fwp%2Fv2%2Fcomments&post=43"}],"version-history":[{"count":15,"href":"https:\/\/clint-and-fellas.de\/index.php?rest_route=\/wp\/v2\/pages\/43\/revisions"}],"predecessor-version":[{"id":168,"href":"https:\/\/clint-and-fellas.de\/index.php?rest_route=\/wp\/v2\/pages\/43\/revisions\/168"}],"up":[{"embeddable":true,"href":"https:\/\/clint-and-fellas.de\/index.php?rest_route=\/wp\/v2\/pages\/18"}],"wp:attachment":[{"href":"https:\/\/clint-and-fellas.de\/index.php?rest_route=%2Fwp%2Fv2%2Fmedia&parent=43"}],"curies":[{"name":"wp","href":"https:\/\/api.w.org\/{rel}","templated":true}]}}