{"id":21,"date":"2019-01-29T20:24:45","date_gmt":"2019-01-29T20:24:45","guid":{"rendered":"http:\/\/clint-and-fellas.de\/?page_id=21"},"modified":"2019-02-14T13:24:06","modified_gmt":"2019-02-14T13:24:06","slug":"kontakt","status":"publish","type":"page","link":"https:\/\/clint-and-fellas.de\/?page_id=21","title":{"rendered":"Kontakt"},"content":{"rendered":"\n<p> Wer mit uns in Kontakt treten m\u00f6chte, kann dies am besten per Telefon: 02374\/501142 (Malle),  <strong> <a href=\"mailto:juergen.mallasch@web.de?subject=CLINT%20AND%20FELLAS\"> E-Mail<\/a><\/strong><br> oder \u00fcber unsere  Facebook-Seite:  <a rel=\"noreferrer noopener\" target=\"_blank\" href=\"http:\/\/de-de.facebook.com\/pages\/CLINT-AND-FELLAS\/248842788494150?sk=info\"> CLINT AND FELLAS bei Facebook<\/a><\/p>\n\n\n<p>DISCLAIMER<\/p>\n<p>Haftung f\u00fcr Inhalte<br \/>Die Inhalte unserer Seiten wurden mit gr\u00f6\u00dfter Sorgfalt erstellt.F\u00fcr die Richtigkeit, Vollst\u00e4ndigkeit und Aktualit\u00e4t der Inhaltek\u00f6nnen wir jedoch keine Gew\u00e4hr \u00fcbernehmen. Als Diensteanbietersind wir gem\u00e4\u00df \u00a7 7 Abs.1 TMG f\u00fcr eigene Inhalte auf diesenSeiten nach den allgemeinen Gesetzen verantwortlich. Nach \u00a7\u00a7 8bis 10 TMG sind wir als Diensteanbieter jedoch nichtverpflichtet, \u00fcbermittelte oder gespeicherte fremdeInformationen zu \u00fcberwachen oder nach Umst\u00e4nden zu forschen, dieauf eine rechtswidrige T\u00e4tigkeit hinweisen. Verpflichtungen zurEntfernung oder Sperrung der Nutzung von Informationen nach denallgemeinen Gesetzen bleiben hiervon unber\u00fchrt. Einediesbez\u00fcgliche Haftung ist jedoch erst ab dem Zeitpunkt derKenntnis einer konkreten Rechtsverletzung m\u00f6glich. BeiBekanntwerden von entsprechenden Rechtsverletzungen werden wirdiese Inhalte umgehend entfernen.<\/p>\n<p>Haftung f\u00fcr Links<br \/>Sollte unser Angebot Links zu externen Webseiten Dritterenthalten, auf deren Inhalte wir keinen Einfluss haben. Deshalbk\u00f6nnen wir f\u00fcr diese fremden Inhalte auch keine Gew\u00e4hr\u00fcbernehmen. F\u00fcr die Inhalte der verlinkten Seiten ist stets derjeweilige Anbieter oder Betreiber der Seiten verantwortlich. Dieverlinkten Seiten wurden zum Zeitpunkt der Verlinkung aufm\u00f6gliche Rechtsverst\u00f6\u00dfe \u00fcberpr\u00fcft. Rechtswidrige Inhalte warenzum Zeitpunkt der Verlinkung nicht erkennbar. Eine permanenteinhaltliche Kontrolle der verlinkten Seiten ist jedoch ohnekonkrete Anhaltspunkte einer Rechtsverletzung nicht zumutbar.Bei Bekanntwerden von Rechtsverletzungen werden wir derartigeLinks umgehend entfernen.<\/p>\n<p>Urheberrecht<br \/>Die durch die Seitenbetreiber erstellten Inhalte und Werke aufdiesen Seiten unterliegen dem deutschen Urheberrecht. DieVervielf\u00e4ltigung, Bearbeitung, Verbreitung und jede Art derVerwertung au\u00dferhalb der Grenzen des Urheberrechtes bed\u00fcrfen derschriftlichen Zustimmung des jeweiligen Autors bzw. Erstellers.Downloads und Kopien dieser Seite sind nur f\u00fcr den privaten,nicht kommerziellen Gebrauch gestattet. Soweit die Inhalte aufdieser Seite nicht vom Betreiber erstellt wurden, werden dieUrheberrechte Dritter beachtet. Insbesondere werden InhalteDritter als solche gekennzeichnet. Sollten Sie trotzdem auf eineUrheberrechtsverletzung aufmerksam werden, bitten wir um einenentsprechenden Hinweis. Bei Bekanntwerden von Rechtsverletzungenwerden wir derartige Inhalte umgehend entfernen.<\/p>\n<p>Datenschutz<br \/>Die Nutzung unserer Webseite ist ohne Angabe personenbezogenerDaten m\u00f6glich.<br \/>Wir weisen darauf hin, dass die Daten\u00fcbertragung im Internet(z.B. bei der Kommunikation per E-Mail) Sicherheitsl\u00fcckenaufweisen kann. Ein l\u00fcckenloser Schutz der Daten vor dem Zugriffdurch Dritte ist nicht m\u00f6glich.<br \/>Der Nutzung von im Rahmen der Impressumspflicht ver\u00f6ffentlichtenKontaktdaten durch Dritte zur \u00dcbersendung von nicht ausdr\u00fccklichangeforderter Werbung und Informationsmaterialien wird hiermitausdr\u00fccklich widersprochen. Die Betreiber der Seiten behaltensich ausdr\u00fccklich rechtliche Schritte im Falle der unverlangtenZusendung von Werbeinformationen, etwa durch Spam-Mails, vor.<\/p>\n<p>Impressum<br \/>Verantwortlich f\u00fcr den Inhalt ist die Band &#8222;Clint-And-Fellas&#8220;.<\/p>","protected":false},"excerpt":{"rendered":"<p>Wer mit uns in Kontakt treten m\u00f6chte, kann dies am besten per Telefon: 02374\/501142 (Malle), E-Mail oder \u00fcber unsere Facebook-Seite: CLINT AND FELLAS bei Facebook DISCLAIMER Haftung f\u00fcr InhalteDie Inhalte unserer Seiten wurden mit gr\u00f6\u00dfter Sorgfalt erstellt.F\u00fcr die Richtigkeit, Vollst\u00e4ndigkeit und Aktualit\u00e4t der Inhaltek\u00f6nnen wir jedoch keine Gew\u00e4hr \u00fcbernehmen. Als Diensteanbietersind wir gem\u00e4\u00df \u00a7 7 &hellip; <\/p>\n<p class=\"link-more\"><a href=\"https:\/\/clint-and-fellas.de\/?page_id=21\" class=\"more-link\"><span class=\"screen-reader-text\">\u201eKontakt\u201c<\/span> weiterlesen<\/a><\/p>\n","protected":false},"author":1,"featured_media":0,"parent":0,"menu_order":6,"comment_status":"closed","ping_status":"closed","template":"","meta":{"footnotes":""},"_links":{"self":[{"href":"https:\/\/clint-and-fellas.de\/index.php?rest_route=\/wp\/v2\/pages\/21"}],"collection":[{"href":"https:\/\/clint-and-fellas.de\/index.php?rest_route=\/wp\/v2\/pages"}],"about":[{"href":"https:\/\/clint-and-fellas.de\/index.php?rest_route=\/wp\/v2\/types\/page"}],"author":[{"embeddable":true,"href":"https:\/\/clint-and-fellas.de\/index.php?rest_route=\/wp\/v2\/users\/1"}],"replies":[{"embeddable":true,"href":"https:\/\/clint-and-fellas.de\/index.php?rest_route=%2Fwp%2Fv2%2Fcomments&post=21"}],"version-history":[{"count":4,"href":"https:\/\/clint-and-fellas.de\/index.php?rest_route=\/wp\/v2\/pages\/21\/revisions"}],"predecessor-version":[{"id":148,"href":"https:\/\/clint-and-fellas.de\/index.php?rest_route=\/wp\/v2\/pages\/21\/revisions\/148"}],"wp:attachment":[{"href":"https:\/\/clint-and-fellas.de\/index.php?rest_route=%2Fwp%2Fv2%2Fmedia&parent=21"}],"curies":[{"name":"wp","href":"https:\/\/api.w.org\/{rel}","templated":true}]}}